{"id":7172,"date":"2023-04-12T05:49:41","date_gmt":"2023-04-12T05:49:41","guid":{"rendered":"https:\/\/etnyre.com\/esparcidores-de-virutas-texas\/"},"modified":"2025-05-28T06:10:34","modified_gmt":"2025-05-28T06:10:34","slug":"esparcidores-de-virutas-texas","status":"publish","type":"page","link":"https:\/\/etnyre.com\/es\/esparcidores-de-virutas-texas\/","title":{"rendered":"Esparcidores de virutas Texas"},"content":{"rendered":"<h3>En ning\u00fan otro lugar de Texas encontrar\u00e1 mejores esparcidores de virutas.<\/h3>\n<p>S\u00f3lo los equipos m\u00e1s grandes, duraderos y de mayor vida \u00fatil para los contratistas de Texas pueden servir para el mantenimiento y la reparaci\u00f3n de carreteras. Y cuando usted pregunta a cualquier contratista del asfalto de Tejas, solamente un fabricante cabe la cuenta para proporcionar el mejor equipo disponible: \u00a1Etnyre Internacional! Nuestras m\u00e1quinas han contribuido a los servicios de <a href=\"https:\/\/etnyre.com\/es\/asfaltado\/\">asfaltado para el sellado de gravilla<\/a> en todo el estado, incluidas las esparcidoras de gravilla para contratistas de Texas. Si est\u00e1 interesado en nuestros <a href=\"https:\/\/etnyre.com\/es\/los-mejores-esparcidores-de-virutas\/\">esparcidores de gravilla<\/a> y <a href=\"https:\/\/etnyre.com\/es\/las-mejores-maquinas-de-asfalto\/\">maquinaria de asfalto<\/a> adicional, \u00a1llame a Etnyre hoy mismo!<\/p>\n<h3>\u00bfEs el sellado de virutas el mejor servicio que se puede ofrecer?<\/h3>\n<p>Aunque existen docenas de m\u00e9todos diferentes para reparar, mantener y restaurar el asfalto, el sellado de virutas ocupa un lugar destacado entre ellos. Y para uno de los mejores servicios de asfalto, los contratistas necesitan algunas de las mejores m\u00e1quinas de asfaltado de Etnyre. Con el servicio de sellado de virutas, puede esperar:<\/p>\n<ul>\n<li><strong>R\u00e1pida finalizaci\u00f3n del proyecto<\/strong> &#8211; Las m\u00e1quinas de asfalto facilitan y agilizan el sellado de virutas, permitiendo un r\u00e1pido proceso de pavimentaci\u00f3n que puede completarse en un d\u00eda.<\/li>\n<li><strong>Reducci\u00f3n de la mano de obra<\/strong> &#8211; A diferencia de algunos servicios de pavimentaci\u00f3n, en los que son necesarias cuadrillas de una docena de contratistas para completar un trabajo, el sellado de virutas requiere una mano de obra m\u00ednima. Unos pocos operadores de m\u00e1quinas pueden gestionar f\u00e1cilmente la mayor\u00eda de los grandes proyectos de sellado de gravilla.<\/li>\n<li><strong>Materiales reciclados<\/strong> &#8211; El agregado asf\u00e1ltico utilizado para el sellado de gravilla procede de carreteras previamente desgarradas. Al utilizar asfalto reciclado, los costes del sellado de gravilla se mantienen bajos tanto para los contratistas como para los clientes.<\/li>\n<li><strong>Mayor vida \u00fatil<\/strong> &#8211; El tr\u00e1fico, los productos qu\u00edmicos, la humedad y los rayos UV pueden acabar con el pavimento de asfalto. Afortunadamente, el sellado de virutas proporciona una capa protectora al pavimento que mantiene la humedad fuera, refleja los rayos del sol y prolonga la vida \u00fatil del asfalto.<\/li>\n<li><strong>Mayor seguridad<\/strong> &#8211; Las propiedades de una carretera de asfalto permiten una mayor seguridad para el conductor. Las superficies de asfalto son antideslizantes y antideslumbrantes, por lo que protegen a los conductores de los resbalones y la fatiga visual.<\/li>\n<li><strong>Autorreparaci\u00f3n<\/strong>: las carreteras asfaltadas pueden repararse parcialmente solas. En los d\u00edas calurosos, una superficie de sellado de virutas vuelve a sellar las grietas al volver a unirse.<\/li>\n<\/ul>\n<h3>Qu\u00e9 esperar del ChipSpreader de Etnyre<\/h3>\n<p>El <a href=\"https:\/\/etnyre.com\/es\/esparcidores-de-chips\/\">ChipSpreader<\/a> es uno de los productos estrella de Etnyre. Nuestros esparcidores de gravilla para Texas pueden aplicar con rapidez y precisi\u00f3n cantidades precisas de \u00e1rido asf\u00e1ltico a cualquier superficie de carretera, utilizando m\u00faltiples tama\u00f1os de \u00e1rido y tasas de aplicaci\u00f3n a trav\u00e9s de una gama completa de velocidades de desplazamiento y anchuras de esparcimiento. Las mejores caracter\u00edsticas de nuestros esparcidores de virutas incluyen:<\/p>\n<ul class=\"col-2\">\n<li>Sistema de transmisi\u00f3n hidrost\u00e1tica y tolva de distribuci\u00f3n de anchura variable<\/li>\n<li>Motor diesel turboalimentado de 260 CV<\/li>\n<li>Cintas transportadoras con accionamiento hidrost\u00e1tico de 24 pulgadas de ancho<\/li>\n<li>Alas de bate plegables para un mejor aprovechamiento del material<\/li>\n<li>Compuertas individuales para esquinas de radio sin esfuerzo<\/li>\n<li>Tracci\u00f3n delantera o a las cuatro ruedas<\/li>\n<li>Control por ordenador de la velocidad y la tasa de aplicaci\u00f3n<\/li>\n<li>Conjunto consola\/asiento deslizante manual<\/li>\n<\/ul>\n<div class=\"left-img\"><img loading=\"lazy\" decoding=\"async\" class=\"alignnone\" src=\"https:\/\/etnyre.com\/wp-content\/uploads\/2023\/04\/Chip-Spreaders-Texas-seo.jpg\" alt=\"Yellow Chip Spreaders en Texas, una de las mejores m\u00e1quinas de asfalto de Etnyre\" width=\"500\" height=\"350\" title=\"\"><\/div>\n<h3>Llama hoy<\/h3>\n<p>Los esparcidores de gravilla para contratistas de asfalto de Texas son esenciales para proporcionar <a href=\"https:\/\/etnyre.com\/es\/asfaltado-y-sellado\/\">servicios de sellado de gravilla<\/a> de alta calidad a empresas, propietarios y municipios de todo el estado. Si est\u00e1 interesado en lo que puede ofrecerle el <a href=\"https:\/\/etnyre.com\/es\/mejor-equipo-de-asfalto\/\">mejor equipo de asfalto<\/a>, llame a Etnyre International al <a href=\"tel:8157322116\">815-732-2116<\/a>. Estamos ubicados en 1333 Daysville Rd, Oregon, IL 61061. Etnyre tiene su sede en <a href=\"https:\/\/etnyre.com\/es\/esparcidores-de-virutas-illinois\/\">Illinois<\/a> y atiende a clientes de <a href=\"https:\/\/etnyre.com\/es\/esparcidores-de-virutas-arizona\/\">Arizona<\/a>, Texas, <a href=\"https:\/\/etnyre.com\/es\/esparcidores-de-virutas-tennessee\/\">Tennessee<\/a> y de todo Estados Unidos. Somos tu hogar para los mejores <a href=\"https:\/\/etnyre.com\/es\/esparcidores-de-virutas-nevada\/\">esparcidores de virutas.<\/a><\/p>\n","protected":false},"excerpt":{"rendered":"<p>En ning\u00fan otro lugar de Texas encontrar\u00e1 mejores esparcidores de virutas. S\u00f3lo los equipos m\u00e1s grandes, duraderos y de mayor vida \u00fatil para los contratistas de Texas pueden servir para el mantenimiento y la reparaci\u00f3n de carreteras. Y cuando usted pregunta a cualquier contratista del asfalto de Tejas, solamente un fabricante cabe la cuenta para &hellip; <a href=\"https:\/\/etnyre.com\/es\/esparcidores-de-virutas-texas\/\" class=\"more-link\">Continue reading <span class=\"screen-reader-text\">Esparcidores de virutas Texas<\/span><\/a><\/p>\n","protected":false},"author":1,"featured_media":7170,"parent":0,"menu_order":0,"comment_status":"closed","ping_status":"closed","template":"","meta":{"_acf_changed":false,"footnotes":""},"class_list":["post-7172","page","type-page","status-publish","has-post-thumbnail","hentry"],"acf":[],"_links":{"self":[{"href":"https:\/\/etnyre.com\/es\/wp-json\/wp\/v2\/pages\/7172","targetHints":{"allow":["GET"]}}],"collection":[{"href":"https:\/\/etnyre.com\/es\/wp-json\/wp\/v2\/pages"}],"about":[{"href":"https:\/\/etnyre.com\/es\/wp-json\/wp\/v2\/types\/page"}],"author":[{"embeddable":true,"href":"https:\/\/etnyre.com\/es\/wp-json\/wp\/v2\/users\/1"}],"replies":[{"embeddable":true,"href":"https:\/\/etnyre.com\/es\/wp-json\/wp\/v2\/comments?post=7172"}],"version-history":[{"count":6,"href":"https:\/\/etnyre.com\/es\/wp-json\/wp\/v2\/pages\/7172\/revisions"}],"predecessor-version":[{"id":14273,"href":"https:\/\/etnyre.com\/es\/wp-json\/wp\/v2\/pages\/7172\/revisions\/14273"}],"wp:featuredmedia":[{"embeddable":true,"href":"https:\/\/etnyre.com\/es\/wp-json\/wp\/v2\/media\/7170"}],"wp:attachment":[{"href":"https:\/\/etnyre.com\/es\/wp-json\/wp\/v2\/media?parent=7172"}],"curies":[{"name":"wp","href":"https:\/\/api.w.org\/{rel}","templated":true}]}}