{"id":7182,"date":"2023-04-12T05:59:46","date_gmt":"2023-04-12T05:59:46","guid":{"rendered":"https:\/\/etnyre.com\/esparcidores-de-virutas-illinois\/"},"modified":"2024-05-16T05:47:13","modified_gmt":"2024-05-16T05:47:13","slug":"esparcidores-de-virutas-illinois","status":"publish","type":"page","link":"https:\/\/etnyre.com\/es\/esparcidores-de-virutas-illinois\/","title":{"rendered":"Esparcidores de virutas Illinois"},"content":{"rendered":"<h3>Esparcido de virutas de alta calidad con los esparcidores de virutas m\u00e1s duraderos de Illinois<\/h3>\n<p>Si su empresa contratista de asfalto a\u00fan no ofrece <a href=\"https:\/\/etnyre.com\/chip-seal-paving\/\">servicios de asfaltado<\/a>, deber\u00eda empezar cuanto antes. El sellado de virutas es uno de los servicios de asfalto m\u00e1s solicitados por municipios, propietarios y equipos de mantenimiento de carreteras que necesitan <a href=\"https:\/\/etnyre.com\/asphalt-repair\/\">reparar y restaurar el asfalto<\/a>. Sin embargo, necesita el equipo adecuado antes de que su empresa pueda comenzar con el sellado de virutas. Afortunadamente, Etnyre International tiene el Medio Oeste cubierto con los mejores esparcidores de virutas en Illinois.<\/p>\n<h3>\u00a1No descuide el esparcimiento de virutas!<\/h3>\n<p>Con los incre\u00edbles beneficios del sellado de virutas para contratistas y clientes, no es de extra\u00f1ar que muchas empresas y contratistas soliciten el servicio. El sellado de <a href=\"https:\/\/etnyre.com\/chip-and-seal\/\">virutas<\/a> resulta eficaz para proteger el asfalto, prolongar su vida \u00fatil y mantener la seguridad de las carreteras, entre otras ventajas. Estas ventajas incluyen:<\/p>\n<ul>\n<li>La mayor\u00eda de los materiales utilizados en el sellado de gravilla son reciclados, lo que significa que los contratistas ahorran dinero en costes de material.<\/li>\n<li>La combinaci\u00f3n de asfalto l\u00edquido y gravilla asf\u00e1ltica ayuda a sellar el pavimento, rellenando las grietas y devolviendo el asfalto a su estado original.<\/li>\n<li>Las superficies de sellado de virutas permiten una mayor tracci\u00f3n en las calzadas, dando lugar a una cubierta antideslizante que mantiene a los conductores seguros durante el hielo, la lluvia y las condiciones resbaladizas.<\/li>\n<li>Las carreteras asfaltadas tambi\u00e9n absorben la luz, creando una superficie antideslumbrante que reduce la fatiga visual de los conductores en los d\u00edas soleados.<\/li>\n<li>Con un recubrimiento de sellado de virutas se aumenta la durabilidad y resistencia de las calzadas de asfalto. El sellado de virutas protege el asfalto contra la humedad, los vertidos qu\u00edmicos, los rayos UV y la tensi\u00f3n del tr\u00e1fico.<\/li>\n<li>Si le preocupa la vida \u00fatil de su asfalto, el sellado de virutas puede ayudarle. Con un recubrimiento de asfalto, puede prolongar considerablemente la vida \u00fatil del pavimento.<\/li>\n<li>Lo crea o no, las carreteras asfaltadas pueden repararse parcialmente solas. En los d\u00edas calurosos de verano, el sellado de virutas vuelve a sellar las grietas al volver a fluir.<\/li>\n<li>El sellado de virutas puede sustituir a la repavimentaci\u00f3n del asfalto y al sellado de grietas para reparar y restaurar el asfalto.<\/li>\n<li>Si su calzada ha empezado a deste\u00f1irse y deteriorarse, un tratamiento de sellado puede devolverle el color y la vida.<\/li>\n<li>Los servicios de asfaltado son r\u00e1pidos de implementar y requieren una mano de obra m\u00ednima para completar de forma segura y eficiente.<\/li>\n<\/ul>\n<h3>El mejor equipo para el trabajo<\/h3>\n<p>Nadie fabrica un <a href=\"https:\/\/etnyre.com\/chip-spreaders\/\">esparcidor de virutas<\/a> m\u00e1s r\u00e1pido, preciso y fiable que Etnyre. Nuestros esparcidores de gravilla para Illinois son de primera l\u00ednea, con caracter\u00edsticas y funciones que hacen que la aplicaci\u00f3n de gravilla sea un proceso sencillo. El <a href=\"https:\/\/etnyre.com\/chipspreaders\/\">esparcidor de gravilla Etnyre<\/a> puede lograr resultados precisos con m\u00faltiples tama\u00f1os de \u00e1ridos y tasas de aplicaci\u00f3n utilizando un sistema de transmisi\u00f3n hidrost\u00e1tica y una tolva de esparcido de anchura variable. Algunas de las mejores caracter\u00edsticas de nuestra m\u00e1quina incluyen:<\/p>\n<ul class=\"col-2\">\n<li>Alas de bate plegables para un mejor aprovechamiento del material<\/li>\n<li>Compuertas individuales para esquinas de radio sin esfuerzo<\/li>\n<li>Tracci\u00f3n delantera o total<\/li>\n<li>Control por ordenador de la velocidad de aplicaci\u00f3n<\/li>\n<li>Sistema de transmisi\u00f3n hidrost\u00e1tica y tolva de distribuci\u00f3n de anchura variable<\/li>\n<li>Motor diesel turboalimentado de 260 CV<\/li>\n<li>Cintas transportadoras hidrost\u00e1ticas de 24 pulgadas de ancho<\/li>\n<\/ul>\n<div class=\"left-img\"><img loading=\"lazy\" decoding=\"async\" class=\"alignnone\" src=\"https:\/\/etnyre.com\/wp-content\/uploads\/2023\/04\/Chip-Spreaders-Illinois-seo.jpg%20\" alt=\"Esparcidores de virutas en Illinois dise\u00f1ados y fabricados por Etnyre International\" width=\"500\" height=\"350\" title=\"\"><\/div>\n<h3>Llame hoy mismo a Etnyre<\/h3>\n<p>Cuando su empresa de pavimentaci\u00f3n est\u00e1 lista para invertir en servicios de sello de viruta, aseg\u00farese de que tiene los mejores esparcidores de viruta en Illinois eligiendo Etnyre como su proveedor de <a href=\"https:\/\/etnyre.com\/asphalt-equipment\">equipos de asfalto<\/a>. Para obtener m\u00e1s informaci\u00f3n sobre nuestras otras m\u00e1quinas de mantenimiento de carreteras o solicitar un presupuesto, llame <a href=\"tel:8157322116\">al 815-732-2116<\/a>. Estamos ubicados en 1333 Daysville Rd, Oregon, IL 61061. Etnyre tiene su sede en Illinois y atiende a clientes de <a href=\"https:\/\/etnyre.com\/chip-spreaders-texas\/\">Texas<\/a>, <a href=\"https:\/\/etnyre.com\/chip-spreaders-arizona\/\">Arizona<\/a>, <a href=\"https:\/\/etnyre.com\/chip-spreaders-tennessee\/\">Tennessee<\/a> y de todo Estados Unidos.<\/p>\n","protected":false},"excerpt":{"rendered":"<p>Esparcido de virutas de alta calidad con los esparcidores de virutas m\u00e1s duraderos de Illinois Si su empresa contratista de asfalto a\u00fan no ofrece servicios de asfaltado, deber\u00eda empezar cuanto antes. El sellado de virutas es uno de los servicios de asfalto m\u00e1s solicitados por municipios, propietarios y equipos de mantenimiento de carreteras que necesitan &hellip; <a href=\"https:\/\/etnyre.com\/es\/esparcidores-de-virutas-illinois\/\" class=\"more-link\">Continue reading <span class=\"screen-reader-text\">Esparcidores de virutas Illinois<\/span><\/a><\/p>\n","protected":false},"author":1,"featured_media":7180,"parent":0,"menu_order":0,"comment_status":"closed","ping_status":"closed","template":"","meta":{"_acf_changed":false,"footnotes":""},"class_list":["post-7182","page","type-page","status-publish","has-post-thumbnail","hentry"],"acf":[],"_links":{"self":[{"href":"https:\/\/etnyre.com\/es\/wp-json\/wp\/v2\/pages\/7182","targetHints":{"allow":["GET"]}}],"collection":[{"href":"https:\/\/etnyre.com\/es\/wp-json\/wp\/v2\/pages"}],"about":[{"href":"https:\/\/etnyre.com\/es\/wp-json\/wp\/v2\/types\/page"}],"author":[{"embeddable":true,"href":"https:\/\/etnyre.com\/es\/wp-json\/wp\/v2\/users\/1"}],"replies":[{"embeddable":true,"href":"https:\/\/etnyre.com\/es\/wp-json\/wp\/v2\/comments?post=7182"}],"version-history":[{"count":3,"href":"https:\/\/etnyre.com\/es\/wp-json\/wp\/v2\/pages\/7182\/revisions"}],"predecessor-version":[{"id":11949,"href":"https:\/\/etnyre.com\/es\/wp-json\/wp\/v2\/pages\/7182\/revisions\/11949"}],"wp:featuredmedia":[{"embeddable":true,"href":"https:\/\/etnyre.com\/es\/wp-json\/wp\/v2\/media\/7180"}],"wp:attachment":[{"href":"https:\/\/etnyre.com\/es\/wp-json\/wp\/v2\/media?parent=7182"}],"curies":[{"name":"wp","href":"https:\/\/api.w.org\/{rel}","templated":true}]}}