{"id":7189,"date":"2023-04-12T06:03:08","date_gmt":"2023-04-12T06:03:08","guid":{"rendered":"https:\/\/etnyre.com\/esparcidores-de-virutas-tennessee\/"},"modified":"2025-02-25T08:52:01","modified_gmt":"2025-02-25T08:52:01","slug":"esparcidores-de-virutas-tennessee","status":"publish","type":"page","link":"https:\/\/etnyre.com\/es\/esparcidores-de-virutas-tennessee\/","title":{"rendered":"Esparcidores de virutas Tennessee"},"content":{"rendered":"<h3>Haz crecer tu empresa de asfalto con esparcidores de gravilla de alta calidad en Tennessee<\/h3>\n<p>\u00bfEst\u00e1s buscando la siguiente mejor forma de hacer crecer tu empresa contratista de asfalto? \u00bfTe falta el equipo necesario para ofrecer una gama completa de servicios de asfaltado? \u00a1Es hora de ponerte en contacto con Etnyre International! En Etnyre nos dedicamos a fabricar los <a href=\"https:\/\/etnyre.com\/asphalt-equipment\">equipos de asfalto<\/a> de mayor calidad y duraci\u00f3n del sector. Y cuando se trata de <a href=\"https:\/\/etnyre.com\/chip-seal-paving\/\">servicios y m\u00e1quinas de asfaltado<\/a>, \u00a1nuestras esparcidoras de gravilla en Tennessee son inigualables!    <\/p>\n<h3>No te conformes con menos de lo mejor<\/h3>\n<p>Etnyre no es la \u00fanica empresa que fabrica <a href=\"https:\/\/etnyre.com\/chip-spreaders\/\">esparcidores de virutas<\/a>. Sin embargo, somos la \u00fanica empresa que fabrica esparcidores de gravilla de la forma correcta. Para asegurarte de que puedes ofrecer a tus clientes los mejores servicios de asfaltado, necesitas el mejor equipo disponible. Por eso, con <a href=\"https:\/\/etnyre.com\/chipspreaders\/\">los esparcidores de gra<\/a>villa de Etnyre, puedes esperar:   <\/p>\n<ul>\n<li><strong>Aumento de la productividad<\/strong>\n<ul>\n<li>Aunque el sellado de gravilla es un proceso relativamente sencillo, puede verse ralentizado por la velocidad de tus m\u00e1quinas. Afortunadamente, nuestros esparcidores de gravilla est\u00e1n dise\u00f1ados para gestionar la aplicaci\u00f3n precisa de \u00e1rido asf\u00e1ltico mientras se desplazan a mayor velocidad que tu astilladora est\u00e1ndar. La velocidad de nuestras m\u00e1quinas permite a tu empresa mantener la productividad y te ayuda a pasar m\u00e1s r\u00e1pidamente al siguiente trabajo.  <\/li>\n<\/ul>\n<\/li>\n<li><strong>Controles de dispersi\u00f3n precisos<\/strong>\n<ul>\n<li>Por desgracia, la tecnolog\u00eda de otros modelos de esparcidores de virutas en Illinois no ha alcanzado del todo lo que las m\u00e1quinas pueden conseguir. Por el contrario, Etnyre implementa la \u00faltima tecnolog\u00eda en nuestras astilladoras. Nuestras m\u00e1quinas utilizan controles digitales precisos para garantizar un esparcimiento uniforme y exacto de virutas de asfalto de todos los tama\u00f1os.  <\/li>\n<\/ul>\n<\/li>\n<li><strong>Mayor ahorro de costes<\/strong>\n<ul>\n<li>Todo en las esparcidoras de gravilla Etnyre est\u00e1 pensado para ayudar a los contratistas (y a sus clientes) a ahorrar dinero. Adem\u00e1s de lo que es habitual en todas las astilladoras (uso de material reciclado, mano de obra m\u00ednima), la velocidad y precisi\u00f3n de nuestras m\u00e1quinas garantizan menos desperdicio de material y tiempo en la obra. Adem\u00e1s, nuestras m\u00e1quinas est\u00e1n construidas para durar, lo que significa que no tendr\u00e1s que incurrir en costes desorbitados de mantenimiento y reparaci\u00f3n.  <\/li>\n<\/ul>\n<\/li>\n<\/ul>\n<h3>\u00bfQu\u00e9 incluye el ChipSpreader Etnyre?<\/h3>\n<p>Los esparcidores de gravilla de Etnyre para contratistas de Tennessee son los mejores por su seguridad, durabilidad y eficacia, al igual que todos nuestros equipos. Nos esforzamos por simplificar el <a href=\"https:\/\/etnyre.com\/chip-and-seal\/\">proceso de sellado de virutas<\/a> para los contratistas y permitir a los operadores gestionar servicios como la reparaci\u00f3n y restauraci\u00f3n del asfalto con mayor facilidad. Con nuestros esparcidores de gravilla de alta calidad, puedes esperar caracter\u00edsticas como:  <\/p>\n<ul class=\"col-2\">\n<li>Cintas transportadoras con accionamiento hidrost\u00e1tico de 24 pulgadas de ancho<\/li>\n<li>Alas de bate plegables para un mejor aprovechamiento del material<\/li>\n<li>Compuertas individuales para esquinas de radio sin esfuerzo<\/li>\n<li>Tracci\u00f3n delantera o a las cuatro ruedas<\/li>\n<li>Sistema de transmisi\u00f3n hidrost\u00e1tica y tolva de distribuci\u00f3n de anchura variable<\/li>\n<li>Motor diesel turboalimentado de 260 CV<\/li>\n<li>Control por ordenador de la velocidad y la tasa de aplicaci\u00f3n<\/li>\n<li>Conjunto consola\/asiento deslizante manual<\/li>\n<\/ul>\n<div class=\"left-img\"><img loading=\"lazy\" decoding=\"async\" class=\"alignnone\" src=\"https:\/\/etnyre.com\/wp-content\/uploads\/2023\/04\/Chip-Spreaders-Tennessee-seo.jpg\" alt=\"Nuevos esparcidores de virutas para los contratistas de Tennessee\" width=\"500\" height=\"350\" title=\"\"><\/div>\n<h3>Habla con nuestro equipo<\/h3>\n<p>Elegir las esparcidoras de gravilla adecuadas en Illinois es esencial para un sellado de gravilla de alta calidad y conducir\u00e1 a un crecimiento y \u00e9xito continuos de tu negocio de contrataci\u00f3n de asfalto. Si est\u00e1s interesado en las astilladoras de Etnyre International o en nuestros otros <a href=\"https:\/\/etnyre.com\/best-asphalt-equipment\/\">equipos de asfalto<\/a>, ponte en contacto con nosotros en el <a href=\"tel:8157322116\">815-732-2116<\/a>. Estamos en 1333 Daysville Rd, Oregon, IL 61061. Etnyre tiene su sede en Illinois y atiende a clientes de todo Estados Unidos.   <\/p>\n","protected":false},"excerpt":{"rendered":"<p>Haz crecer tu empresa de asfalto con esparcidores de gravilla de alta calidad en Tennessee \u00bfEst\u00e1s buscando la siguiente mejor forma de hacer crecer tu empresa contratista de asfalto? \u00bfTe falta el equipo necesario para ofrecer una gama completa de servicios de asfaltado? \u00a1Es hora de ponerte en contacto con Etnyre International! En Etnyre nos &hellip; <a href=\"https:\/\/etnyre.com\/es\/esparcidores-de-virutas-tennessee\/\" class=\"more-link\">Continue reading <span class=\"screen-reader-text\">Esparcidores de virutas Tennessee<\/span><\/a><\/p>\n","protected":false},"author":1,"featured_media":7187,"parent":0,"menu_order":0,"comment_status":"closed","ping_status":"closed","template":"","meta":{"_acf_changed":false,"footnotes":""},"class_list":["post-7189","page","type-page","status-publish","has-post-thumbnail","hentry"],"acf":[],"_links":{"self":[{"href":"https:\/\/etnyre.com\/es\/wp-json\/wp\/v2\/pages\/7189","targetHints":{"allow":["GET"]}}],"collection":[{"href":"https:\/\/etnyre.com\/es\/wp-json\/wp\/v2\/pages"}],"about":[{"href":"https:\/\/etnyre.com\/es\/wp-json\/wp\/v2\/types\/page"}],"author":[{"embeddable":true,"href":"https:\/\/etnyre.com\/es\/wp-json\/wp\/v2\/users\/1"}],"replies":[{"embeddable":true,"href":"https:\/\/etnyre.com\/es\/wp-json\/wp\/v2\/comments?post=7189"}],"version-history":[{"count":4,"href":"https:\/\/etnyre.com\/es\/wp-json\/wp\/v2\/pages\/7189\/revisions"}],"predecessor-version":[{"id":13814,"href":"https:\/\/etnyre.com\/es\/wp-json\/wp\/v2\/pages\/7189\/revisions\/13814"}],"wp:featuredmedia":[{"embeddable":true,"href":"https:\/\/etnyre.com\/es\/wp-json\/wp\/v2\/media\/7187"}],"wp:attachment":[{"href":"https:\/\/etnyre.com\/es\/wp-json\/wp\/v2\/media?parent=7189"}],"curies":[{"name":"wp","href":"https:\/\/api.w.org\/{rel}","templated":true}]}}