{"id":7199,"date":"2023-04-12T06:12:21","date_gmt":"2023-04-12T06:12:21","guid":{"rendered":"https:\/\/etnyre.com\/esparcidores-de-virutas-arizona\/"},"modified":"2025-05-28T06:10:33","modified_gmt":"2025-05-28T06:10:33","slug":"esparcidores-de-virutas-arizona","status":"publish","type":"page","link":"https:\/\/etnyre.com\/es\/esparcidores-de-virutas-arizona\/","title":{"rendered":"Esparcidores de virutas Arizona"},"content":{"rendered":"<h3>\u00bfBusca los mejores esparcidores de virutas de Arizona?<\/h3>\n<p>Arizona es uno de los estados de mayor crecimiento de EE.UU., por lo que su necesidad de expansi\u00f3n es urgente. En este momento, los contratistas de pavimentaci\u00f3n tienen m\u00e1s que ocupadas sus manos, completando trabajos de pavimentaci\u00f3n de asfalto en todo el Estado del Gran Ca\u00f1\u00f3n. Y para estar a la altura de la demanda, los contratistas de asfalto disponen de los mejores <a href=\"https:\/\/etnyre.com\/asphalt-equipment\">equipos<\/a>. Por ejemplo, \u00a1los contratistas cuentan con Etnyre International para nuestros esparcidores de virutas mejor valorados en Arizona!<\/p>\n<h3>\u00bfPor qu\u00e9 elegir las astilladoras Etnyre?<\/h3>\n<p>A decir verdad, los contratistas disponen de numerosas opciones a la hora de seleccionar un <a href=\"https:\/\/etnyre.com\/es\/mejor-equipo-de-asfalto\/\">equipo de asfaltado<\/a> eficaz. Sin embargo, hay poca discusi\u00f3n entre los contratistas de asfalto sobre d\u00f3nde encontrar los <a href=\"https:\/\/etnyre.com\/es\/los-mejores-esparcidores-de-virutas\/\">mejores esparcidores de gravilla<\/a>; \u00a1Etnyre es el n\u00famero uno! Cuando usted compra un Etnyre ChipSpreader, usted puede esperar:<\/p>\n<ul>\n<li><strong>Los \u00faltimos controles informatizados<\/strong>\n<ul>\n<li>Nuestras astilladoras se han vuelto digitales. Mediante controles informatizados, los esparcidores de gravilla de Etnyre pueden ajustar con precisi\u00f3n la dosis de aplicaci\u00f3n, el tama\u00f1o de la gravilla, la velocidad y otras funciones. Los controles digitales no s\u00f3lo ayudan a simplificar el funcionamiento de nuestros equipos, sino que la precisi\u00f3n y exactitud que ofrecen nuestras astilladoras ayudan a minimizar el desperdicio de material y a maximizar la calidad del sellado de virutas.<\/li>\n<\/ul>\n<\/li>\n<li><strong>Mayor capacidad y durabilidad<\/strong>\n<ul>\n<li>Como probablemente sabr\u00e1, el sellado de gravilla es un servicio incre\u00edblemente popular solicitado por municipios y propietarios. Por este motivo, es esencial contar con equipos que puedan trabajar con rapidez, gestionar grandes proyectos y hacerlo durante periodos prolongados. Nuestros esparcidores de gravilla est\u00e1n dise\u00f1ados pensando en la velocidad, la capacidad y la durabilidad, lo que ayuda a los contratistas a completar proyectos de cualquier tama\u00f1o con poco esfuerzo para la maquinaria.<\/li>\n<\/ul>\n<\/li>\n<li><strong>Mayor ahorro de costes<\/strong>\n<ul>\n<li>Los servicios de asfaltado ya son m\u00e1s rentables que otros servicios de pavimentaci\u00f3n. La rentabilidad del sellado de virutas se debe al uso de materiales reciclados, a la reducci\u00f3n de las necesidades de mano de obra, etc. Sin embargo, la velocidad y la durabilidad de las m\u00e1quinas Etnyre hacen que el ahorro de costes sea mayor. La finalizaci\u00f3n m\u00e1s r\u00e1pida del proyecto, la menor necesidad de piezas y reparaciones, y el m\u00ednimo desperdicio de material ayudan a ahorrar a los contratistas (y a los clientes) a largo plazo.<\/li>\n<\/ul>\n<\/li>\n<\/ul>\n<h3>\u00bfA\u00fan no est\u00e1 convencido? Eche un vistazo a las caracter\u00edsticas de nuestros ChipSpreaders.<\/h3>\n<p>El <a href=\"https:\/\/etnyre.com\/es\/esparcidores-de-chips\/\">ChipSpreader de Etnyre<\/a> est\u00e1 clasificado como el mejor del sector por su velocidad, durabilidad, seguridad y funcionamiento. Cada <a href=\"https:\/\/etnyre.com\/es\/esparcidores-de-virutas-nevada\/\">esparcidor de gravilla<\/a> utiliza un sistema hidrost\u00e1tico con tolva de esparcido de anchura variable para aplicar con rapidez y precisi\u00f3n m\u00faltiples tama\u00f1os de gravilla y dosis de aplicaci\u00f3n en cualquier superficie de pavimento. Otras caracter\u00edsticas de nuestras m\u00e1quinas son:<\/p>\n<ul class=\"col-2\">\n<li>Sistema de transmisi\u00f3n hidrost\u00e1tica y tolva de distribuci\u00f3n de anchura variable<\/li>\n<li>Motor diesel turboalimentado de 260 CV<\/li>\n<li>Control por ordenador de la velocidad y la tasa de aplicaci\u00f3n<\/li>\n<li>Conjunto consola\/asiento deslizante manual<\/li>\n<li>Cintas transportadoras con accionamiento hidrost\u00e1tico de 24 pulgadas de ancho<\/li>\n<li>Alas de bate plegables para un mejor aprovechamiento del material<\/li>\n<li>Compuertas individuales para esquinas de radio sin esfuerzo<\/li>\n<li>Tracci\u00f3n delantera o a las cuatro ruedas<\/li>\n<\/ul>\n<div class=\"left-img\"><img loading=\"lazy\" decoding=\"async\" class=\"alignnone\" src=\"https:\/\/etnyre.com\/wp-content\/uploads\/2023\/04\/Chip-Spreaders-Arizona-seo.jpg\" alt=\"Esparcidores de virutas Arizona\" width=\"500\" height=\"350\" title=\"\"><\/div>\n<h3>Llama hoy<\/h3>\n<p>\u00a1Los mejores <a href=\"https:\/\/etnyre.com\/es\/esparcidores-de-virutas\/\">esparcidores de gravilla<\/a> para Arizona est\u00e1n a s\u00f3lo una llamada de distancia! Cuando busque mejorar los servicios de sellado de virutas de su empresa, invierta en equipos de alta calidad dise\u00f1ados y fabricados por Etnyre International. Para obtener m\u00e1s informaci\u00f3n sobre nuestros equipos de asfalto o solicitar un presupuesto, llame <a href=\"tel:8157322116\">al 815-732-2116<\/a>. Estamos ubicados en 1333 Daysville Rd, Oregon, IL 61061. Etnyre tiene su sede en <a href=\"https:\/\/etnyre.com\/es\/esparcidores-de-virutas-illinois\/\">Illinois<\/a> y atiende a clientes de Arizona, <a href=\"https:\/\/etnyre.com\/es\/esparcidores-de-virutas-texas\/\">Texas<\/a>, <a href=\"https:\/\/etnyre.com\/es\/esparcidores-de-virutas-tennessee\/\">Tennessee<\/a> y de todo Estados Unidos.<\/p>\n","protected":false},"excerpt":{"rendered":"<p>\u00bfBusca los mejores esparcidores de virutas de Arizona? Arizona es uno de los estados de mayor crecimiento de EE.UU., por lo que su necesidad de expansi\u00f3n es urgente. En este momento, los contratistas de pavimentaci\u00f3n tienen m\u00e1s que ocupadas sus manos, completando trabajos de pavimentaci\u00f3n de asfalto en todo el Estado del Gran Ca\u00f1\u00f3n. Y &hellip; <a href=\"https:\/\/etnyre.com\/es\/esparcidores-de-virutas-arizona\/\" class=\"more-link\">Continue reading <span class=\"screen-reader-text\">Esparcidores de virutas Arizona<\/span><\/a><\/p>\n","protected":false},"author":1,"featured_media":7197,"parent":0,"menu_order":0,"comment_status":"closed","ping_status":"closed","template":"","meta":{"_acf_changed":false,"footnotes":""},"class_list":["post-7199","page","type-page","status-publish","has-post-thumbnail","hentry"],"acf":[],"_links":{"self":[{"href":"https:\/\/etnyre.com\/es\/wp-json\/wp\/v2\/pages\/7199","targetHints":{"allow":["GET"]}}],"collection":[{"href":"https:\/\/etnyre.com\/es\/wp-json\/wp\/v2\/pages"}],"about":[{"href":"https:\/\/etnyre.com\/es\/wp-json\/wp\/v2\/types\/page"}],"author":[{"embeddable":true,"href":"https:\/\/etnyre.com\/es\/wp-json\/wp\/v2\/users\/1"}],"replies":[{"embeddable":true,"href":"https:\/\/etnyre.com\/es\/wp-json\/wp\/v2\/comments?post=7199"}],"version-history":[{"count":4,"href":"https:\/\/etnyre.com\/es\/wp-json\/wp\/v2\/pages\/7199\/revisions"}],"predecessor-version":[{"id":14272,"href":"https:\/\/etnyre.com\/es\/wp-json\/wp\/v2\/pages\/7199\/revisions\/14272"}],"wp:featuredmedia":[{"embeddable":true,"href":"https:\/\/etnyre.com\/es\/wp-json\/wp\/v2\/media\/7197"}],"wp:attachment":[{"href":"https:\/\/etnyre.com\/es\/wp-json\/wp\/v2\/media?parent=7199"}],"curies":[{"name":"wp","href":"https:\/\/api.w.org\/{rel}","templated":true}]}}