{"id":7207,"date":"2023-04-12T06:15:14","date_gmt":"2023-04-12T06:15:14","guid":{"rendered":"https:\/\/etnyre.com\/distribuidores-de-asfalto-de-texas\/"},"modified":"2023-04-28T22:31:28","modified_gmt":"2023-04-28T22:31:28","slug":"distribuidores-de-asfalto-de-texas","status":"publish","type":"page","link":"https:\/\/etnyre.com\/es\/distribuidores-de-asfalto-de-texas\/","title":{"rendered":"Distribuidores de asfalto de Texas"},"content":{"rendered":"<h3>Los distribuidores de asfalto en Texas son esenciales para los contratistas de asfalto<\/h3>\n<p>Tanto si est\u00e1 poniendo en marcha su negocio de pavimentaci\u00f3n de asfalto como si desea ampliar su flota de <a href=\"https:\/\/etnyre.com\/asphalt-machines\/\">maquinaria de asfalto<\/a>, todo contratista necesita una pieza esencial del equipo: <a href=\"https:\/\/etnyre.com\/asphalt-distributors\/\">los distribuidores de asfalto<\/a>. Un distribuidor de asfalto es necesario para la aplicaci\u00f3n segura, r\u00e1pida y uniforme de asfalto l\u00edquido a las superficies de pavimento. Y si usted est\u00e1 buscando donde encontrar los <a href=\"https:\/\/etnyre.com\/best-asphalt-distributors\/\">mejores distribuidores del asfalto<\/a> en Tejas, Etnyre International le tiene cubierto. Fabricamos equipos de asfalto de alta calidad para el estado de la Estrella Solitaria y para todo Estados Unidos.<\/p>\n<h3>\u00bfPor qu\u00e9 confiar en los distribuidores de asfalto?<\/h3>\n<p>Pavimentar con asfalto no es f\u00e1cil. Antes de la introducci\u00f3n de los distribuidores de asfalto, los proyectos sencillos de pavimentaci\u00f3n pod\u00edan tardar d\u00edas en completarse. Afortunadamente, con los distribuidores de asfalto, la aplicaci\u00f3n manual de asfalto l\u00edquido a las carreteras es cosa del pasado. Los distribuidores de asfalto ayudan a los contratistas:<\/p>\n<ul>\n<li><strong>Simplificar el transporte de asfalto<\/strong>\n<ul>\n<li>Antes de los camiones cisterna y los distribuidores de asfalto, hab\u00eda que preparar el asfalto in situ, lo que a veces provocaba inconstancias en la pavimentaci\u00f3n y las mezclas asf\u00e1lticas. En cambio, los distribuidores de asfalto permiten a los contratistas preparar el asfalto l\u00edquido antes de un proyecto y transportarlo f\u00e1cilmente al lugar de trabajo. Nuestros distribuidores tienen una capacidad de entre 1.000 y 4.500 galones de asfalto l\u00edquido, lo que garantiza que dispondr\u00e1 de lo necesario para completar un proyecto de pavimentaci\u00f3n de cualquier tama\u00f1o.<\/li>\n<\/ul>\n<\/li>\n<li><strong>Requiere menos mano de obra<\/strong>\n<ul>\n<li>Esparcir asfalto l\u00edquido manualmente puede requerir una cuadrilla de media docena o m\u00e1s, dependiendo del tama\u00f1o del proyecto. Por el contrario, los distribuidores de asfalto eliminan la necesidad de tanta mano de obra. Los distribuidores son f\u00e1ciles de conducir y s\u00f3lo requieren el control de uno o dos operarios. Al reducir la mano de obra necesaria para un trabajo, liberar\u00e1 a su personal para otros proyectos y ahorrar\u00e1 en costes laborales.<\/li>\n<\/ul>\n<\/li>\n<li><strong>Acelerar los procesos de pavimentaci\u00f3n<\/strong>\n<ul>\n<li>En realidad, un distribuidor de asfalto es \u00fatil en diversos servicios de pavimentaci\u00f3n. Desde el sellado de gravilla hasta la restauraci\u00f3n del asfalto, los distribuidores simplifican partes de la mayor\u00eda de los procesos de pavimentaci\u00f3n con asfalto. De este modo, el tiempo necesario para completar los proyectos se reduce considerablemente con la incorporaci\u00f3n de un distribuidor. Con su distribuidor, puede aplicar un revestimiento de asfalto l\u00edquido consistente a velocidades y caudales ajustables.<\/li>\n<\/ul>\n<\/li>\n<\/ul>\n<h3>Invierta en un distribuidor de asfalto Black-Topper<\/h3>\n<p>Cuando se trata de calidad y fiabilidad, los equipos de Etnyre destacan sobre los dem\u00e1s. Nuestros distribuidores de asfalto para Texas marcan la pauta en precisi\u00f3n y calidad de aplicaci\u00f3n del asfalto. Nuestras unidades, denominadas <a href=\"https:\/\/etnyre.com\/black-topper-computator\/\">distribuidores Black-Topper<\/a>, presentan dise\u00f1os aerodin\u00e1micos para minimizar el mantenimiento al tiempo que mejoran el rendimiento y la productividad. De nuestras unidades distribuidoras, puede esperar:<\/p>\n<ul class=\"col-2\">\n<li>Controles electr\u00f3nicos de velocidad de la bomba de asfalto para un control preciso<\/li>\n<li>Manejo por una sola persona con controles desde la cabina del cami\u00f3n o cerca de la parte trasera del distribuidor<\/li>\n<li>Tama\u00f1os de tanques personalizados con opciones de capacidad entre 1.000 y 4.500 galones<\/li>\n<li>Flujo de asfalto equilibrado de doble alimentaci\u00f3n para una aplicaci\u00f3n uniforme en toda la barra<\/li>\n<li>Barra de pulverizaci\u00f3n de 12 pies de circulaci\u00f3n completa con alas plegables y cambio electrohidr\u00e1ulico<\/li>\n<li>Cumple todas las normativas federales sobre productos calientes<\/li>\n<\/ul>\n<div class=\"left-img\"><img loading=\"lazy\" decoding=\"async\" class=\"alignnone\" src=\"https:\/\/etnyre.com\/wp-content\/uploads\/2023\/04\/Asphalt-Distributors-Texas-seo.jpg\" alt=\"La espalda de los distribuidores de asfalto en Texas\" width=\"500\" height=\"350\" title=\"\"><\/div>\n<h3>Ll\u00e1menos<\/h3>\n<p>Cuando desee equipar su empresa de pavimentaci\u00f3n de asfalto con los distribuidores de asfalto de mayor calidad en Texas, \u00a1no busque m\u00e1s all\u00e1 de Etnyre International! Para obtener m\u00e1s informaci\u00f3n sobre nuestros otros <a href=\"https:\/\/etnyre.com\/asphalt-equipment\">equipos de asfalto<\/a> o solicitar un presupuesto, p\u00f3ngase en contacto con nosotros hoy mismo en el <a href=\"tel:8157322116\">815-732-2116<\/a>. Estamos ubicados en 1333 Daysville Rd, Oregon, IL 61061. Etnyre tiene su sede en Illinois y atiende a clientes de todo Estados Unidos.<\/p>\n","protected":false},"excerpt":{"rendered":"<p>Los distribuidores de asfalto en Texas son esenciales para los contratistas de asfalto Tanto si est\u00e1 poniendo en marcha su negocio de pavimentaci\u00f3n de asfalto como si desea ampliar su flota de maquinaria de asfalto, todo contratista necesita una pieza esencial del equipo: los distribuidores de asfalto. Un distribuidor de asfalto es necesario para la &hellip; <a href=\"https:\/\/etnyre.com\/es\/distribuidores-de-asfalto-de-texas\/\" class=\"more-link\">Continue reading <span class=\"screen-reader-text\">Distribuidores de asfalto de Texas<\/span><\/a><\/p>\n","protected":false},"author":1,"featured_media":7205,"parent":0,"menu_order":0,"comment_status":"closed","ping_status":"closed","template":"","meta":{"_acf_changed":false,"footnotes":""},"class_list":["post-7207","page","type-page","status-publish","has-post-thumbnail","hentry"],"acf":[],"_links":{"self":[{"href":"https:\/\/etnyre.com\/es\/wp-json\/wp\/v2\/pages\/7207","targetHints":{"allow":["GET"]}}],"collection":[{"href":"https:\/\/etnyre.com\/es\/wp-json\/wp\/v2\/pages"}],"about":[{"href":"https:\/\/etnyre.com\/es\/wp-json\/wp\/v2\/types\/page"}],"author":[{"embeddable":true,"href":"https:\/\/etnyre.com\/es\/wp-json\/wp\/v2\/users\/1"}],"replies":[{"embeddable":true,"href":"https:\/\/etnyre.com\/es\/wp-json\/wp\/v2\/comments?post=7207"}],"version-history":[{"count":3,"href":"https:\/\/etnyre.com\/es\/wp-json\/wp\/v2\/pages\/7207\/revisions"}],"predecessor-version":[{"id":7334,"href":"https:\/\/etnyre.com\/es\/wp-json\/wp\/v2\/pages\/7207\/revisions\/7334"}],"wp:featuredmedia":[{"embeddable":true,"href":"https:\/\/etnyre.com\/es\/wp-json\/wp\/v2\/media\/7205"}],"wp:attachment":[{"href":"https:\/\/etnyre.com\/es\/wp-json\/wp\/v2\/media?parent=7207"}],"curies":[{"name":"wp","href":"https:\/\/api.w.org\/{rel}","templated":true}]}}